{"id":2821,"date":"2024-09-01T17:29:50","date_gmt":"2024-09-01T15:29:50","guid":{"rendered":"https:\/\/gancipartners.ivimedia.website\/interim_fr\/"},"modified":"2025-03-13T15:09:31","modified_gmt":"2025-03-13T14:09:31","slug":"executive-interim-management","status":"publish","type":"page","link":"https:\/\/gancipartners.ch\/de\/executive-interim-management\/","title":{"rendered":"EXECUTIVE INTERIM MANAGEMENT"},"content":{"rendered":"<p>[et_pb_section fb_built=&#8220;1&#8243; admin_label=&#8220;header &#8211; we put everything&#8220; _builder_version=&#8220;4.27.0&#8243; _module_preset=&#8220;default&#8220; background_image=&#8220;https:\/\/gancipartners.ch\/wp-content\/uploads\/2025\/03\/10-gancipartners-2024-ciel-small-2.webp&#8220; parallax=&#8220;on&#8220; min_height=&#8220;100vh&#8220; custom_padding=&#8220;0px||||false|false&#8220; hover_enabled=&#8220;0&#8243; global_colors_info=&#8220;{}&#8220; title_text=&#8220;10-gancipartners-2024-ciel-small-2&#8243; sticky_enabled=&#8220;0&#8243;][et_pb_row column_structure=&#8220;1_2,1_2&#8243; custom_padding_last_edited=&#8220;on|phone&#8220; _builder_version=&#8220;4.27.0&#8243; _module_preset=&#8220;default&#8220; custom_padding=&#8220;210px||||false|false&#8220; custom_padding_tablet=&#8220;150px||||false|false&#8220; custom_padding_phone=&#8220;125px||||false|false&#8220; global_colors_info=&#8220;{}&#8220;][et_pb_column type=&#8220;1_2&#8243; _builder_version=&#8220;4.25.2&#8243; _module_preset=&#8220;default&#8220; global_colors_info=&#8220;{}&#8220;][et_pb_text _builder_version=&#8220;4.27.0&#8243; _module_preset=&#8220;default&#8220; text_text_color=&#8220;#FFFFFF&#8220; text_font_size=&#8220;27px&#8220; text_line_height=&#8220;1.8em&#8220; header_text_color=&#8220;#FFFFFF&#8220; header_line_height=&#8220;1.2em&#8220; global_colors_info=&#8220;{}&#8220;]<\/p>\n<p><span>BEI GANCI PARTNERS<\/span><\/p>\n<h1>unsere Interim Executives sorgen daf\u00fcr, dass Ihr Unternehmen auf Kurs bleibt<\/h1>\n<p>[\/et_pb_text][\/et_pb_column][et_pb_column type=&#8220;1_2&#8243; _builder_version=&#8220;4.25.2&#8243; _module_preset=&#8220;default&#8220; global_colors_info=&#8220;{}&#8220;][\/et_pb_column][\/et_pb_row][\/et_pb_section][et_pb_section fb_built=&#8220;1&#8243; admin_label=&#8220;intro &#8211; interim&#8220; _builder_version=&#8220;4.26.0&#8243; _module_preset=&#8220;default&#8220; global_colors_info=&#8220;{}&#8220;][et_pb_row column_structure=&#8220;1_2,1_2&#8243; _builder_version=&#8220;4.26.0&#8243; _module_preset=&#8220;default&#8220; global_colors_info=&#8220;{}&#8220;][et_pb_column type=&#8220;1_2&#8243; _builder_version=&#8220;4.26.0&#8243; _module_preset=&#8220;default&#8220; global_colors_info=&#8220;{}&#8220;][et_pb_heading title=&#8220;Executive Interim Management&#8220; _builder_version=&#8220;4.27.0&#8243; _module_preset=&#8220;default&#8220; hover_enabled=&#8220;0&#8243; global_colors_info=&#8220;{}&#8220; title_level=&#8220;h2&#8243; sticky_enabled=&#8220;0&#8243;][\/et_pb_heading][\/et_pb_column][et_pb_column type=&#8220;1_2&#8243; _builder_version=&#8220;4.26.0&#8243; _module_preset=&#8220;default&#8220; global_colors_info=&#8220;{}&#8220;][et_pb_text _builder_version=&#8220;4.27.0&#8243; _module_preset=&#8220;default&#8220; text_font=&#8220;|300|||||||&#8220; text_line_height=&#8220;1.3em&#8220; global_colors_info=&#8220;{}&#8220;]<\/p>\n<p>Bei Ganci Partners Executive Search verstehen wir, dass<span>\u00a0<\/span><strong>Unternehmen h\u00e4ufig vor kritischen Herausforderungen stehen, bei denen sofortige F\u00fchrungskompetenz unerl\u00e4sslich ist.<\/strong><\/p>\n<p>Unser Executive Interim Management Service bietet Ihnen erfahrene F\u00fchrungskr\u00e4fte, die<span>\u00a0<\/span><strong>kurzfristig<\/strong><span>\u00a0<\/span>Verantwortung \u00fcbernehmen und umgehend Ergebnisse liefern.<\/p>\n<p>Ob es darum geht, ein Unternehmen durch eine \u00dcbergangsphase zu f\u00fchren,<span>\u00a0<\/span><strong>eine Krise zu bew\u00e4ltigen oder ein spezifisches Projekt zum Abschluss zu bringen<\/strong><span>\u00a0<\/span>\u2013 unsere Interim Executives sorgen daf\u00fcr, dass Ihr Unternehmen auf Kurs bleibt.<\/p>\n<p>[\/et_pb_text][\/et_pb_column][\/et_pb_row][\/et_pb_section][et_pb_section fb_built=&#8220;1&#8243; admin_label=&#8220;split &#8211; diamant&#8220; _builder_version=&#8220;4.26.0&#8243; _module_preset=&#8220;default&#8220; custom_padding=&#8220;0px||0px||false|false&#8220; global_colors_info=&#8220;{}&#8220;][et_pb_row _builder_version=&#8220;4.25.2&#8243; _module_preset=&#8220;default&#8220; global_colors_info=&#8220;{}&#8220;][et_pb_column type=&#8220;4_4&#8243; _builder_version=&#8220;4.25.2&#8243; _module_preset=&#8220;default&#8220; global_colors_info=&#8220;{}&#8220;][et_pb_image src=&#8220;https:\/\/gancipartners.ch\/wp-content\/uploads\/2025\/03\/gancipartners-2024-Asset-40@300x.webp&#8220; alt=&#8220;Gancipartners-2024&#8243; title_text=&#8220;gancipartners-2024-Asset-40@300x&#8220; align=&#8220;center&#8220; _builder_version=&#8220;4.27.0&#8243; _module_preset=&#8220;default&#8220; width=&#8220;45%&#8220; width_tablet=&#8220;60%&#8220; width_phone=&#8220;80%&#8220; width_last_edited=&#8220;on|phone&#8220; hover_enabled=&#8220;0&#8243; global_colors_info=&#8220;{}&#8220; sticky_enabled=&#8220;0&#8243;][\/et_pb_image][\/et_pb_column][\/et_pb_row][\/et_pb_section][et_pb_section fb_built=&#8220;1&#8243; admin_label=&#8220;pourquoi ganci interim&#8220; _builder_version=&#8220;4.26.0&#8243; _module_preset=&#8220;default&#8220; global_colors_info=&#8220;{}&#8220;][et_pb_row column_structure=&#8220;1_2,1_2&#8243; _builder_version=&#8220;4.27.0&#8243; _module_preset=&#8220;default&#8220; global_colors_info=&#8220;{}&#8220;][et_pb_column type=&#8220;1_2&#8243; _builder_version=&#8220;4.26.0&#8243; _module_preset=&#8220;default&#8220; global_colors_info=&#8220;{}&#8220;][et_pb_heading title=&#8220;Warum Ganci Partners f\u00fcr Executive Interim Management w\u00e4hlen?&#8220; _builder_version=&#8220;4.27.0&#8243; _module_preset=&#8220;default&#8220; title_line_height=&#8220;1.2em&#8220; custom_margin=&#8220;|-14px||||&#8220; custom_padding=&#8220;|0px||||&#8220; hover_enabled=&#8220;0&#8243; global_colors_info=&#8220;{}&#8220; title_level=&#8220;h2&#8243; sticky_enabled=&#8220;0&#8243;][\/et_pb_heading][\/et_pb_column][et_pb_column type=&#8220;1_2&#8243; _builder_version=&#8220;4.26.0&#8243; _module_preset=&#8220;default&#8220; global_colors_info=&#8220;{}&#8220;][et_pb_text _builder_version=&#8220;4.27.0&#8243; _module_preset=&#8220;default&#8220; text_font=&#8220;|300|||||||&#8220; text_line_height=&#8220;1.3em&#8220; global_colors_info=&#8220;{}&#8220;]<\/p>\n<p>Unsere erfahrenen F\u00fchrungskr\u00e4fte bringen umfassendes Branchenwissen und eine differenzierte Perspektive mit, um Kontinuit\u00e4t und Stabilit\u00e4t zu gew\u00e4hrleisten, w\u00e4hrenddessen dauerhafte F\u00fchrungsstrukturen implementiert werden.<\/p>\n<p>Die Dauer eines Executive Interim Management Mandats erstreckt sich in der Regel \u00fcber<span>\u00a0<\/span><strong>mehrere Monate bis zu einem Jahr,<\/strong><span>\u00a0<\/span>ob in Teilzeit oder Vollzeit, abh\u00e4ngig von den spezifischen Anforderungen des Kunden und den Anforderungen des Projekts.<\/p>\n<p>Bei Ganci Partners sind wir bestrebt, schnelle und effektive F\u00fchrungsl\u00f6sungen zu liefern.<\/p>\n<p>Ab dem Moment, in dem Sie uns kontaktieren,<span>\u00a0<\/span><strong>garantieren wir Ihnen innerhalb von nur drei Wochen einen erfahrenen Interim Manager zu vermitteln.<\/strong><\/p>\n<p>[\/et_pb_text][\/et_pb_column][\/et_pb_row][\/et_pb_section][et_pb_section fb_built=&#8220;1&#8243; _builder_version=&#8220;4.26.0&#8243; _module_preset=&#8220;default&#8220; background_image=&#8220;https:\/\/www.gancipartners.ch\/wp-content\/uploads\/2024\/09\/gancipartners-2024-Asset-42@300x-small-scaled.jpg&#8220; parallax=&#8220;on&#8220; min_height=&#8220;250px&#8220; global_colors_info=&#8220;{}&#8220;][\/et_pb_section][et_pb_section fb_built=&#8220;1&#8243; admin_label=&#8220;services&#8220; _builder_version=&#8220;4.26.0&#8243; _module_preset=&#8220;default&#8220; custom_padding=&#8220;|0px||||&#8220; global_colors_info=&#8220;{}&#8220;][et_pb_row column_structure=&#8220;1_3,1_3,1_3&#8243; admin_label=&#8220;services&#8220; _builder_version=&#8220;4.27.0&#8243; _module_preset=&#8220;default&#8220; global_colors_info=&#8220;{}&#8220;][et_pb_column type=&#8220;1_3&#8243; _builder_version=&#8220;4.25.2&#8243; _module_preset=&#8220;default&#8220; global_colors_info=&#8220;{}&#8220;][et_pb_heading title=&#8220;Unsere Executive Interim Management Dienstleistungen umfassen&#8220; _builder_version=&#8220;4.27.0&#8243; _module_preset=&#8220;default&#8220; title_font_size=&#8220;42px&#8220; title_line_height=&#8220;1.1em&#8220; hover_enabled=&#8220;0&#8243; global_colors_info=&#8220;{}&#8220; title_level=&#8220;h2&#8243; sticky_enabled=&#8220;0&#8243;][\/et_pb_heading][\/et_pb_column][et_pb_column type=&#8220;1_3&#8243; _builder_version=&#8220;4.25.2&#8243; _module_preset=&#8220;default&#8220; global_colors_info=&#8220;{}&#8220;][et_pb_text _builder_version=&#8220;4.27.0&#8243; _module_preset=&#8220;default&#8220; text_font=&#8220;|300|||||||&#8220; global_colors_info=&#8220;{}&#8220;]<\/p>\n<p><strong>General Management<\/strong><\/p>\n<p>Leitung von Gesch\u00e4ftseinheiten, Niederlassungs- oder Standortmanagement<\/p>\n<p><strong>Finanzen<\/strong><\/p>\n<p>Rechnungswesen, Konsolidierung, Treasury, Reporting, Steuern, ERP-Implementierung, M&amp;A, Restrukturierung, Audit, Risiko- und Compliance-Management<\/p>\n<p><strong>Human Resources<\/strong><\/p>\n<p>Allgemeines HR-Management, HRIS-Implementierung, Talentmanagement, Lohnbuchhaltung und Administration, Management von Sozialpl\u00e4nen<\/p>\n<p><strong>Produktionsbetrieb<\/strong><\/p>\n<p>Supply Chain, Einkauf, Logistik, Forschung und Entwicklung, Qualit\u00e4tssicherung<\/p>\n<p>[\/et_pb_text][\/et_pb_column][et_pb_column type=&#8220;1_3&#8243; _builder_version=&#8220;4.25.2&#8243; _module_preset=&#8220;default&#8220; global_colors_info=&#8220;{}&#8220;][et_pb_text _builder_version=&#8220;4.27.0&#8243; _module_preset=&#8220;default&#8220; text_font=&#8220;|300|||||||&#8220; global_colors_info=&#8220;{}&#8220;]<\/p>\n<p><strong>Vertrieb &amp; Marketing<\/strong><\/p>\n<p>Vertrieb, Marketing, Kommunikation, CRM-Implementierung, E-Commerce-L\u00f6sungen<\/p>\n<p><strong>Informationstechnologie<\/strong><\/p>\n<p>IT-Management, Programm- und Projektmanagement, IT- und Cybersecurity, Digitalisierung<\/p>\n<p><strong>Legal<\/strong><\/p>\n<p>Rechtsberatung, Compliance, M&amp;A, B\u00f6rsengang, General Counsel<\/p>\n<p>[\/et_pb_text][\/et_pb_column][\/et_pb_row][\/et_pb_section][et_pb_section fb_built=&#8220;1&#8243; _builder_version=&#8220;4.26.0&#8243; _module_preset=&#8220;default&#8220; global_colors_info=&#8220;{}&#8220;][et_pb_row column_structure=&#8220;1_2,1_2&#8243; _builder_version=&#8220;4.27.0&#8243; _module_preset=&#8220;default&#8220; global_colors_info=&#8220;{}&#8220;][et_pb_column type=&#8220;1_2&#8243; _builder_version=&#8220;4.26.0&#8243; _module_preset=&#8220;default&#8220; global_colors_info=&#8220;{}&#8220;][et_pb_heading title=&#8220;Kontaktieren Sie uns f\u00fcr Executive Interim Management L\u00f6sungen&#8220; _builder_version=&#8220;4.27.0&#8243; _module_preset=&#8220;default&#8220; title_line_height=&#8220;1.2em&#8220; hover_enabled=&#8220;0&#8243; global_colors_info=&#8220;{}&#8220; title_level=&#8220;h2&#8243; sticky_enabled=&#8220;0&#8243;][\/et_pb_heading][\/et_pb_column][et_pb_column type=&#8220;1_2&#8243; _builder_version=&#8220;4.26.0&#8243; _module_preset=&#8220;default&#8220; global_colors_info=&#8220;{}&#8220;][et_pb_text _builder_version=&#8220;4.27.0&#8243; _module_preset=&#8220;default&#8220; text_font=&#8220;|300|||||||&#8220; text_line_height=&#8220;1.3em&#8220; link_text_color=&#8220;#0C71C3&#8243; global_colors_info=&#8220;{}&#8220;]<\/p>\n<p class=\"p1\"><span>Ob Sie einen Executive Interim Manager suchen oder daran interessiert sind, selbst einer zu werden \u2013 wir sind f\u00fcr Sie da. Kontaktieren Sie uns unter\u00a0<\/span><strong><a href=\"mailto:info@gancipartners.ch\">info@gancipartners.ch<\/a>,<\/strong><span>\u00a0um Ihre Bed\u00fcrfnisse oder M\u00f6glichkeiten im Executive Interim Management zu besprechen.<\/span><\/p>\n<p>[\/et_pb_text][\/et_pb_column][\/et_pb_row][\/et_pb_section]<\/p>\n","protected":false},"excerpt":{"rendered":"<p>BEI GANCI PARTNERS unsere Interim Executives sorgen daf\u00fcr, dass Ihr Unternehmen auf Kurs bleibtBei Ganci Partners Executive Search verstehen wir, dass\u00a0Unternehmen h\u00e4ufig vor kritischen Herausforderungen stehen, bei denen sofortige F\u00fchrungskompetenz unerl\u00e4sslich ist. Unser Executive Interim Management Service bietet Ihnen erfahrene F\u00fchrungskr\u00e4fte, die\u00a0kurzfristig\u00a0Verantwortung \u00fcbernehmen und umgehend Ergebnisse liefern. Ob es darum geht, ein Unternehmen durch eine [&hellip;]<\/p>\n","protected":false},"author":1,"featured_media":0,"parent":0,"menu_order":0,"comment_status":"closed","ping_status":"closed","template":"","meta":{"_et_pb_use_builder":"on","_et_pb_old_content":"","_et_gb_content_width":"","inline_featured_image":false,"_monsterinsights_skip_tracking":false,"_monsterinsights_sitenote_active":false,"_monsterinsights_sitenote_note":"","_monsterinsights_sitenote_category":0,"footnotes":""},"class_list":["post-2821","page","type-page","status-publish","hentry"],"yoast_head":"<!-- This site is optimized with the Yoast SEO Premium plugin v26.4 (Yoast SEO v26.4) - https:\/\/yoast.com\/wordpress\/plugins\/seo\/ -->\n<title>Interim-Management f\u00fcr Unternehmenssicherheit<\/title>\n<meta name=\"description\" content=\"Ganci Partners, 2012 in Genf gegr\u00fcndet, ist eine f\u00fchrende Schweizer Executive Search Firma. Mit B\u00fcros in Genf, Lausanne und Bern geh\u00f6ren wir seit 2020 laut Le Temps und Handelszeitung zu den \u00abTop 10 Executive Search Firmen\u00bb.\" \/>\n<meta name=\"robots\" content=\"index, follow, max-snippet:-1, max-image-preview:large, max-video-preview:-1\" \/>\n<link rel=\"canonical\" href=\"https:\/\/gancipartners.ch\/de\/executive-interim-management\/\" \/>\n<meta property=\"og:locale\" content=\"de_DE\" \/>\n<meta property=\"og:type\" content=\"article\" \/>\n<meta property=\"og:title\" content=\"EXECUTIVE INTERIM MANAGEMENT\" \/>\n<meta property=\"og:description\" content=\"Ganci Partners, 2012 in Genf gegr\u00fcndet, ist eine f\u00fchrende Schweizer Executive Search Firma. Mit B\u00fcros in Genf, Lausanne und Bern geh\u00f6ren wir seit 2020 laut Le Temps und Handelszeitung zu den \u00abTop 10 Executive Search Firmen\u00bb.\" \/>\n<meta property=\"og:url\" content=\"https:\/\/gancipartners.ch\/de\/executive-interim-management\/\" \/>\n<meta property=\"og:site_name\" content=\"Ganci Partners\" \/>\n<meta property=\"article:modified_time\" content=\"2025-03-13T14:09:31+00:00\" \/>\n<meta name=\"twitter:card\" content=\"summary_large_image\" \/>\n<meta name=\"twitter:label1\" content=\"Gesch\u00e4tzte Lesezeit\" \/>\n\t<meta name=\"twitter:data1\" content=\"2\u00a0Minuten\" \/>\n<script type=\"application\/ld+json\" class=\"yoast-schema-graph\">{\"@context\":\"https:\/\/schema.org\",\"@graph\":[{\"@type\":\"WebPage\",\"@id\":\"https:\/\/gancipartners.ch\/de\/executive-interim-management\/\",\"url\":\"https:\/\/gancipartners.ch\/de\/executive-interim-management\/\",\"name\":\"Interim-Management f\u00fcr Unternehmenssicherheit\",\"isPartOf\":{\"@id\":\"https:\/\/gancipartners.ch\/#website\"},\"datePublished\":\"2024-09-01T15:29:50+00:00\",\"dateModified\":\"2025-03-13T14:09:31+00:00\",\"description\":\"Ganci Partners, 2012 in Genf gegr\u00fcndet, ist eine f\u00fchrende Schweizer Executive Search Firma. Mit B\u00fcros in Genf, Lausanne und Bern geh\u00f6ren wir seit 2020 laut Le Temps und Handelszeitung zu den \u00abTop 10 Executive Search Firmen\u00bb.\",\"breadcrumb\":{\"@id\":\"https:\/\/gancipartners.ch\/de\/executive-interim-management\/#breadcrumb\"},\"inLanguage\":\"de\",\"potentialAction\":[{\"@type\":\"ReadAction\",\"target\":[\"https:\/\/gancipartners.ch\/de\/executive-interim-management\/\"]}]},{\"@type\":\"BreadcrumbList\",\"@id\":\"https:\/\/gancipartners.ch\/de\/executive-interim-management\/#breadcrumb\",\"itemListElement\":[{\"@type\":\"ListItem\",\"position\":1,\"name\":\"Accueil\",\"item\":\"https:\/\/gancipartners.ch\/de\/\"},{\"@type\":\"ListItem\",\"position\":2,\"name\":\"EXECUTIVE INTERIM MANAGEMENT\"}]},{\"@type\":\"WebSite\",\"@id\":\"https:\/\/gancipartners.ch\/#website\",\"url\":\"https:\/\/gancipartners.ch\/\",\"name\":\"Ganci Partners\",\"description\":\"UNLEASH POTENTIALS\",\"potentialAction\":[{\"@type\":\"SearchAction\",\"target\":{\"@type\":\"EntryPoint\",\"urlTemplate\":\"https:\/\/gancipartners.ch\/?s={search_term_string}\"},\"query-input\":{\"@type\":\"PropertyValueSpecification\",\"valueRequired\":true,\"valueName\":\"search_term_string\"}}],\"inLanguage\":\"de\"}]}<\/script>\n<!-- \/ Yoast SEO Premium plugin. -->","yoast_head_json":{"title":"Interim-Management f\u00fcr Unternehmenssicherheit","description":"Ganci Partners, 2012 in Genf gegr\u00fcndet, ist eine f\u00fchrende Schweizer Executive Search Firma. Mit B\u00fcros in Genf, Lausanne und Bern geh\u00f6ren wir seit 2020 laut Le Temps und Handelszeitung zu den \u00abTop 10 Executive Search Firmen\u00bb.","robots":{"index":"index","follow":"follow","max-snippet":"max-snippet:-1","max-image-preview":"max-image-preview:large","max-video-preview":"max-video-preview:-1"},"canonical":"https:\/\/gancipartners.ch\/de\/executive-interim-management\/","og_locale":"de_DE","og_type":"article","og_title":"EXECUTIVE INTERIM MANAGEMENT","og_description":"Ganci Partners, 2012 in Genf gegr\u00fcndet, ist eine f\u00fchrende Schweizer Executive Search Firma. Mit B\u00fcros in Genf, Lausanne und Bern geh\u00f6ren wir seit 2020 laut Le Temps und Handelszeitung zu den \u00abTop 10 Executive Search Firmen\u00bb.","og_url":"https:\/\/gancipartners.ch\/de\/executive-interim-management\/","og_site_name":"Ganci Partners","article_modified_time":"2025-03-13T14:09:31+00:00","twitter_card":"summary_large_image","twitter_misc":{"Gesch\u00e4tzte Lesezeit":"2\u00a0Minuten"},"schema":{"@context":"https:\/\/schema.org","@graph":[{"@type":"WebPage","@id":"https:\/\/gancipartners.ch\/de\/executive-interim-management\/","url":"https:\/\/gancipartners.ch\/de\/executive-interim-management\/","name":"Interim-Management f\u00fcr Unternehmenssicherheit","isPartOf":{"@id":"https:\/\/gancipartners.ch\/#website"},"datePublished":"2024-09-01T15:29:50+00:00","dateModified":"2025-03-13T14:09:31+00:00","description":"Ganci Partners, 2012 in Genf gegr\u00fcndet, ist eine f\u00fchrende Schweizer Executive Search Firma. Mit B\u00fcros in Genf, Lausanne und Bern geh\u00f6ren wir seit 2020 laut Le Temps und Handelszeitung zu den \u00abTop 10 Executive Search Firmen\u00bb.","breadcrumb":{"@id":"https:\/\/gancipartners.ch\/de\/executive-interim-management\/#breadcrumb"},"inLanguage":"de","potentialAction":[{"@type":"ReadAction","target":["https:\/\/gancipartners.ch\/de\/executive-interim-management\/"]}]},{"@type":"BreadcrumbList","@id":"https:\/\/gancipartners.ch\/de\/executive-interim-management\/#breadcrumb","itemListElement":[{"@type":"ListItem","position":1,"name":"Accueil","item":"https:\/\/gancipartners.ch\/de\/"},{"@type":"ListItem","position":2,"name":"EXECUTIVE INTERIM MANAGEMENT"}]},{"@type":"WebSite","@id":"https:\/\/gancipartners.ch\/#website","url":"https:\/\/gancipartners.ch\/","name":"Ganci Partners","description":"UNLEASH POTENTIALS","potentialAction":[{"@type":"SearchAction","target":{"@type":"EntryPoint","urlTemplate":"https:\/\/gancipartners.ch\/?s={search_term_string}"},"query-input":{"@type":"PropertyValueSpecification","valueRequired":true,"valueName":"search_term_string"}}],"inLanguage":"de"}]}},"_links":{"self":[{"href":"https:\/\/gancipartners.ch\/de\/wp-json\/wp\/v2\/pages\/2821","targetHints":{"allow":["GET"]}}],"collection":[{"href":"https:\/\/gancipartners.ch\/de\/wp-json\/wp\/v2\/pages"}],"about":[{"href":"https:\/\/gancipartners.ch\/de\/wp-json\/wp\/v2\/types\/page"}],"author":[{"embeddable":true,"href":"https:\/\/gancipartners.ch\/de\/wp-json\/wp\/v2\/users\/1"}],"replies":[{"embeddable":true,"href":"https:\/\/gancipartners.ch\/de\/wp-json\/wp\/v2\/comments?post=2821"}],"version-history":[{"count":0,"href":"https:\/\/gancipartners.ch\/de\/wp-json\/wp\/v2\/pages\/2821\/revisions"}],"wp:attachment":[{"href":"https:\/\/gancipartners.ch\/de\/wp-json\/wp\/v2\/media?parent=2821"}],"curies":[{"name":"wp","href":"https:\/\/api.w.org\/{rel}","templated":true}]}}