{"id":2813,"date":"2024-06-24T03:08:58","date_gmt":"2024-06-24T01:08:58","guid":{"rendered":"https:\/\/gancipartners.ivimedia.website\/board_fr\/"},"modified":"2025-03-13T15:12:36","modified_gmt":"2025-03-13T14:12:36","slug":"board-advisory","status":"publish","type":"page","link":"https:\/\/gancipartners.ch\/de\/board-advisory\/","title":{"rendered":"BOARD ADVISORY"},"content":{"rendered":"<p>[et_pb_section fb_built=&#8220;1&#8243; admin_label=&#8220;header &#8211; unlock the future&#8220; _builder_version=&#8220;4.27.0&#8243; _module_preset=&#8220;default&#8220; background_image=&#8220;https:\/\/gancipartners.ch\/wp-content\/uploads\/2025\/03\/4-gancipartners-2024-15.webp&#8220; min_height=&#8220;100vh&#8220; custom_margin=&#8220;||0px|||&#8220; custom_padding=&#8220;0px||91px||false|false&#8220; hover_enabled=&#8220;0&#8243; global_colors_info=&#8220;{}&#8220; title_text=&#8220;4-gancipartners-2024-15&#8243; sticky_enabled=&#8220;0&#8243;][et_pb_row custom_padding_last_edited=&#8220;on|tablet&#8220; _builder_version=&#8220;4.27.0&#8243; _module_preset=&#8220;default&#8220; custom_padding=&#8220;305px||0px||false|false&#8220; custom_padding_tablet=&#8220;200px||||false|false&#8220; custom_padding_phone=&#8220;150px||||false|false&#8220; global_colors_info=&#8220;{}&#8220;][et_pb_column type=&#8220;4_4&#8243; _builder_version=&#8220;4.25.2&#8243; _module_preset=&#8220;default&#8220; global_colors_info=&#8220;{}&#8220;][et_pb_heading title=&#8220;DIE ZUKUNFT ERSCHLIESSEN&#8220; _builder_version=&#8220;4.27.0&#8243; _module_preset=&#8220;default&#8220; title_text_color=&#8220;#FFFFFF&#8220; global_colors_info=&#8220;{}&#8220;][\/et_pb_heading][\/et_pb_column][\/et_pb_row][et_pb_row column_structure=&#8220;3_5,2_5&#8243; _builder_version=&#8220;4.25.2&#8243; _module_preset=&#8220;default&#8220; custom_padding=&#8220;0px||160px||false|false&#8220; global_colors_info=&#8220;{}&#8220;][et_pb_column type=&#8220;3_5&#8243; _builder_version=&#8220;4.25.2&#8243; _module_preset=&#8220;default&#8220; global_colors_info=&#8220;{}&#8220;][et_pb_text _builder_version=&#8220;4.27.0&#8243; _module_preset=&#8220;default&#8220; text_font=&#8220;|300|||||||&#8220; text_text_color=&#8220;#FFFFFF&#8220; text_font_size=&#8220;30px&#8220; text_line_height=&#8220;1.3em&#8220; min_height=&#8220;205px&#8220; global_colors_info=&#8220;{}&#8220;]<\/p>\n<p><span>Die einzige Konstante ist der Wandel. Um wettbewerbsf\u00e4hig zu bleiben, muss man sich professionell mit der zunehmenden Komplexit\u00e4t und dem Tempo des Wandels auseinandersetzen. Heute ist dies in einem Verwaltungsrat, der seine Kompetenzen erweitern und diversifizieren muss, noch wichtiger.<\/span><\/p>\n<p>[\/et_pb_text][\/et_pb_column][et_pb_column type=&#8220;2_5&#8243; _builder_version=&#8220;4.25.2&#8243; _module_preset=&#8220;default&#8220; global_colors_info=&#8220;{}&#8220;][\/et_pb_column][\/et_pb_row][\/et_pb_section][et_pb_section fb_built=&#8220;1&#8243; admin_label=&#8220;an impactful approach &#8220; _builder_version=&#8220;4.25.2&#8243; _module_preset=&#8220;default&#8220; global_colors_info=&#8220;{}&#8220;][et_pb_row column_structure=&#8220;1_2,1_2&#8243; _builder_version=&#8220;4.25.2&#8243; _module_preset=&#8220;default&#8220; global_colors_info=&#8220;{}&#8220;][et_pb_column type=&#8220;1_2&#8243; _builder_version=&#8220;4.25.2&#8243; _module_preset=&#8220;default&#8220; global_colors_info=&#8220;{}&#8220;][et_pb_heading title=&#8220;Die Zukunft Ihres Unternehmens gestalten, indem Sie aufstrebende Talente einstellen&#8220; _builder_version=&#8220;4.27.0&#8243; _module_preset=&#8220;default&#8220; hover_enabled=&#8220;0&#8243; global_colors_info=&#8220;{}&#8220; title_level=&#8220;h2&#8243; sticky_enabled=&#8220;0&#8243;][\/et_pb_heading][et_pb_text _builder_version=&#8220;4.27.0&#8243; _module_preset=&#8220;default&#8220; text_font=&#8220;|300|||||||&#8220; global_colors_info=&#8220;{}&#8220;]<\/p>\n<p><span>Kleine und mittlere Unternehmen, \u00f6ffentliche Einrichtungen, Nichtregierungsorganisationen und Stiftungen verlassen sich auf die Erfahrung ihrer Vorstandsmitglieder, ihre Visionen und Analysen, um ihre Organisationen voranzubringen.<\/span><\/p>\n<p>[\/et_pb_text][\/et_pb_column][et_pb_column type=&#8220;1_2&#8243; _builder_version=&#8220;4.25.2&#8243; _module_preset=&#8220;default&#8220; global_colors_info=&#8220;{}&#8220;][et_pb_text _builder_version=&#8220;4.27.0&#8243; _module_preset=&#8220;default&#8220; text_font=&#8220;|300|||||||&#8220; global_colors_info=&#8220;{}&#8220;]<\/p>\n<p><strong>Eine bew\u00e4hrte Methodik<\/strong><br \/>Wir ermitteln Menschen mit den richtigen F\u00e4higkeiten oder ermutigen Manager, von der operativen auf die Vorstandsebene zu wechseln.<\/p>\n<p><strong>Team- und Einzelbeurteilungen<\/strong><br \/>Besonderes Augenmerk gilt den potenziellen Synergien zwischen Vorstandsmitgliedern und Management. Zwischenmenschliche F\u00e4higkeiten sind ein entscheidendes Thema f\u00fcr das reibungslose Funktionieren eines Verwaltungsrats.<\/p>\n<p><strong>Gezielte Einbindung<\/strong><br \/>Wir achten nicht nur auf die Ausgewogenheit der Kompetenzen, sondern auch auf die Ausgewogenheit der Geschlechter, Generationen und Kulturen.<\/p>\n<p><strong>Nachfolgeplanung<\/strong><br \/>Um die erforderlichen Profile zur Vervollst\u00e4ndigung des aktuellen Teams genau zu bestimmen, unterst\u00fctzen wir Sie bei der Erstellung eines Nachfolgeplans und der Abw\u00e4gung der vorhandenen und k\u00fcnftig ben\u00f6tigten St\u00e4rken.<\/p>\n<p>[\/et_pb_text][\/et_pb_column][\/et_pb_row][\/et_pb_section]<\/p>\n","protected":false},"excerpt":{"rendered":"<p>Die einzige Konstante ist der Wandel. Um wettbewerbsf\u00e4hig zu bleiben, muss man sich professionell mit der zunehmenden Komplexit\u00e4t und dem Tempo des Wandels auseinandersetzen. Heute ist dies in einem Verwaltungsrat, der seine Kompetenzen erweitern und diversifizieren muss, noch wichtiger.Kleine und mittlere Unternehmen, \u00f6ffentliche Einrichtungen, Nichtregierungsorganisationen und Stiftungen verlassen sich auf die Erfahrung ihrer Vorstandsmitglieder, ihre [&hellip;]<\/p>\n","protected":false},"author":1,"featured_media":0,"parent":0,"menu_order":0,"comment_status":"closed","ping_status":"closed","template":"","meta":{"_et_pb_use_builder":"on","_et_pb_old_content":"","_et_gb_content_width":"","inline_featured_image":false,"_monsterinsights_skip_tracking":false,"_monsterinsights_sitenote_active":false,"_monsterinsights_sitenote_note":"","_monsterinsights_sitenote_category":0,"footnotes":""},"class_list":["post-2813","page","type-page","status-publish","hentry"],"yoast_head":"<!-- This site is optimized with the Yoast SEO Premium plugin v26.4 (Yoast SEO v26.4) - https:\/\/yoast.com\/wordpress\/plugins\/seo\/ -->\n<title>Board Advisory &amp; Verwaltungsrats-Rekrutierung<\/title>\n<meta name=\"description\" content=\"Ganci Partners, 2012 in Genf gegr\u00fcndet, ist eine f\u00fchrende Schweizer Executive Search Firma. Mit B\u00fcros in Genf, Lausanne und Bern geh\u00f6ren wir seit 2020 laut Le Temps und Handelszeitung zu den \u00abTop 10 Executive Search Firmen\u00bb\" \/>\n<meta name=\"robots\" content=\"index, follow, max-snippet:-1, max-image-preview:large, max-video-preview:-1\" \/>\n<link rel=\"canonical\" href=\"https:\/\/gancipartners.ch\/de\/board-advisory\/\" \/>\n<meta property=\"og:locale\" content=\"de_DE\" \/>\n<meta property=\"og:type\" content=\"article\" \/>\n<meta property=\"og:title\" content=\"BOARD ADVISORY\" \/>\n<meta property=\"og:description\" content=\"Ganci Partners, 2012 in Genf gegr\u00fcndet, ist eine f\u00fchrende Schweizer Executive Search Firma. Mit B\u00fcros in Genf, Lausanne und Bern geh\u00f6ren wir seit 2020 laut Le Temps und Handelszeitung zu den \u00abTop 10 Executive Search Firmen\u00bb\" \/>\n<meta property=\"og:url\" content=\"https:\/\/gancipartners.ch\/de\/board-advisory\/\" \/>\n<meta property=\"og:site_name\" content=\"Ganci Partners\" \/>\n<meta property=\"article:modified_time\" content=\"2025-03-13T14:12:36+00:00\" \/>\n<meta name=\"twitter:card\" content=\"summary_large_image\" \/>\n<meta name=\"twitter:label1\" content=\"Gesch\u00e4tzte Lesezeit\" \/>\n\t<meta name=\"twitter:data1\" content=\"1\u00a0Minute\" \/>\n<script type=\"application\/ld+json\" class=\"yoast-schema-graph\">{\"@context\":\"https:\/\/schema.org\",\"@graph\":[{\"@type\":\"WebPage\",\"@id\":\"https:\/\/gancipartners.ch\/de\/board-advisory\/\",\"url\":\"https:\/\/gancipartners.ch\/de\/board-advisory\/\",\"name\":\"Board Advisory & Verwaltungsrats-Rekrutierung\",\"isPartOf\":{\"@id\":\"https:\/\/gancipartners.ch\/#website\"},\"datePublished\":\"2024-06-24T01:08:58+00:00\",\"dateModified\":\"2025-03-13T14:12:36+00:00\",\"description\":\"Ganci Partners, 2012 in Genf gegr\u00fcndet, ist eine f\u00fchrende Schweizer Executive Search Firma. Mit B\u00fcros in Genf, Lausanne und Bern geh\u00f6ren wir seit 2020 laut Le Temps und Handelszeitung zu den \u00abTop 10 Executive Search Firmen\u00bb\",\"breadcrumb\":{\"@id\":\"https:\/\/gancipartners.ch\/de\/board-advisory\/#breadcrumb\"},\"inLanguage\":\"de\",\"potentialAction\":[{\"@type\":\"ReadAction\",\"target\":[\"https:\/\/gancipartners.ch\/de\/board-advisory\/\"]}]},{\"@type\":\"BreadcrumbList\",\"@id\":\"https:\/\/gancipartners.ch\/de\/board-advisory\/#breadcrumb\",\"itemListElement\":[{\"@type\":\"ListItem\",\"position\":1,\"name\":\"Accueil\",\"item\":\"https:\/\/gancipartners.ch\/de\/\"},{\"@type\":\"ListItem\",\"position\":2,\"name\":\"BOARD ADVISORY\"}]},{\"@type\":\"WebSite\",\"@id\":\"https:\/\/gancipartners.ch\/#website\",\"url\":\"https:\/\/gancipartners.ch\/\",\"name\":\"Ganci Partners\",\"description\":\"UNLEASH POTENTIALS\",\"potentialAction\":[{\"@type\":\"SearchAction\",\"target\":{\"@type\":\"EntryPoint\",\"urlTemplate\":\"https:\/\/gancipartners.ch\/?s={search_term_string}\"},\"query-input\":{\"@type\":\"PropertyValueSpecification\",\"valueRequired\":true,\"valueName\":\"search_term_string\"}}],\"inLanguage\":\"de\"}]}<\/script>\n<!-- \/ Yoast SEO Premium plugin. -->","yoast_head_json":{"title":"Board Advisory & Verwaltungsrats-Rekrutierung","description":"Ganci Partners, 2012 in Genf gegr\u00fcndet, ist eine f\u00fchrende Schweizer Executive Search Firma. Mit B\u00fcros in Genf, Lausanne und Bern geh\u00f6ren wir seit 2020 laut Le Temps und Handelszeitung zu den \u00abTop 10 Executive Search Firmen\u00bb","robots":{"index":"index","follow":"follow","max-snippet":"max-snippet:-1","max-image-preview":"max-image-preview:large","max-video-preview":"max-video-preview:-1"},"canonical":"https:\/\/gancipartners.ch\/de\/board-advisory\/","og_locale":"de_DE","og_type":"article","og_title":"BOARD ADVISORY","og_description":"Ganci Partners, 2012 in Genf gegr\u00fcndet, ist eine f\u00fchrende Schweizer Executive Search Firma. Mit B\u00fcros in Genf, Lausanne und Bern geh\u00f6ren wir seit 2020 laut Le Temps und Handelszeitung zu den \u00abTop 10 Executive Search Firmen\u00bb","og_url":"https:\/\/gancipartners.ch\/de\/board-advisory\/","og_site_name":"Ganci Partners","article_modified_time":"2025-03-13T14:12:36+00:00","twitter_card":"summary_large_image","twitter_misc":{"Gesch\u00e4tzte Lesezeit":"1\u00a0Minute"},"schema":{"@context":"https:\/\/schema.org","@graph":[{"@type":"WebPage","@id":"https:\/\/gancipartners.ch\/de\/board-advisory\/","url":"https:\/\/gancipartners.ch\/de\/board-advisory\/","name":"Board Advisory & Verwaltungsrats-Rekrutierung","isPartOf":{"@id":"https:\/\/gancipartners.ch\/#website"},"datePublished":"2024-06-24T01:08:58+00:00","dateModified":"2025-03-13T14:12:36+00:00","description":"Ganci Partners, 2012 in Genf gegr\u00fcndet, ist eine f\u00fchrende Schweizer Executive Search Firma. Mit B\u00fcros in Genf, Lausanne und Bern geh\u00f6ren wir seit 2020 laut Le Temps und Handelszeitung zu den \u00abTop 10 Executive Search Firmen\u00bb","breadcrumb":{"@id":"https:\/\/gancipartners.ch\/de\/board-advisory\/#breadcrumb"},"inLanguage":"de","potentialAction":[{"@type":"ReadAction","target":["https:\/\/gancipartners.ch\/de\/board-advisory\/"]}]},{"@type":"BreadcrumbList","@id":"https:\/\/gancipartners.ch\/de\/board-advisory\/#breadcrumb","itemListElement":[{"@type":"ListItem","position":1,"name":"Accueil","item":"https:\/\/gancipartners.ch\/de\/"},{"@type":"ListItem","position":2,"name":"BOARD ADVISORY"}]},{"@type":"WebSite","@id":"https:\/\/gancipartners.ch\/#website","url":"https:\/\/gancipartners.ch\/","name":"Ganci Partners","description":"UNLEASH POTENTIALS","potentialAction":[{"@type":"SearchAction","target":{"@type":"EntryPoint","urlTemplate":"https:\/\/gancipartners.ch\/?s={search_term_string}"},"query-input":{"@type":"PropertyValueSpecification","valueRequired":true,"valueName":"search_term_string"}}],"inLanguage":"de"}]}},"_links":{"self":[{"href":"https:\/\/gancipartners.ch\/de\/wp-json\/wp\/v2\/pages\/2813","targetHints":{"allow":["GET"]}}],"collection":[{"href":"https:\/\/gancipartners.ch\/de\/wp-json\/wp\/v2\/pages"}],"about":[{"href":"https:\/\/gancipartners.ch\/de\/wp-json\/wp\/v2\/types\/page"}],"author":[{"embeddable":true,"href":"https:\/\/gancipartners.ch\/de\/wp-json\/wp\/v2\/users\/1"}],"replies":[{"embeddable":true,"href":"https:\/\/gancipartners.ch\/de\/wp-json\/wp\/v2\/comments?post=2813"}],"version-history":[{"count":0,"href":"https:\/\/gancipartners.ch\/de\/wp-json\/wp\/v2\/pages\/2813\/revisions"}],"wp:attachment":[{"href":"https:\/\/gancipartners.ch\/de\/wp-json\/wp\/v2\/media?parent=2813"}],"curies":[{"name":"wp","href":"https:\/\/api.w.org\/{rel}","templated":true}]}}