{"id":2811,"date":"2024-06-24T03:12:12","date_gmt":"2024-06-24T01:12:12","guid":{"rendered":"https:\/\/gancipartners.ivimedia.website\/assessment_fr\/"},"modified":"2025-03-13T15:15:18","modified_gmt":"2025-03-13T14:15:18","slug":"assessment","status":"publish","type":"page","link":"https:\/\/gancipartners.ch\/de\/assessment\/","title":{"rendered":"ASSESSMENT"},"content":{"rendered":"<p>[et_pb_section fb_built=&#8220;1&#8243; admin_label=&#8220;header &#8211; our expertise&#8220; _builder_version=&#8220;4.27.0&#8243; _module_preset=&#8220;default&#8220; background_image=&#8220;https:\/\/gancipartners.ch\/wp-content\/uploads\/2025\/03\/5-gancipartners-2024-14.webp&#8220; min_height=&#8220;100vh&#8220; custom_padding=&#8220;0px||||false|false&#8220; hover_enabled=&#8220;0&#8243; global_colors_info=&#8220;{}&#8220; title_text=&#8220;5-gancipartners-2024-14&#8243; sticky_enabled=&#8220;0&#8243;][et_pb_row column_structure=&#8220;1_3,1_3,1_3&#8243; custom_padding_last_edited=&#8220;on|phone&#8220; disabled_on=&#8220;on|on|off&#8220; _builder_version=&#8220;4.27.0&#8243; _module_preset=&#8220;default&#8220; custom_padding=&#8220;130px||||false|false&#8220; custom_padding_tablet=&#8220;200px||||false|false&#8220; custom_padding_phone=&#8220;150px||||false|false&#8220; global_colors_info=&#8220;{}&#8220;][et_pb_column type=&#8220;1_3&#8243; _builder_version=&#8220;4.25.2&#8243; _module_preset=&#8220;default&#8220; global_colors_info=&#8220;{}&#8220;][et_pb_text _builder_version=&#8220;4.27.0&#8243; _module_preset=&#8220;default&#8220; header_text_color=&#8220;#FFFFFF&#8220; header_font_size=&#8220;41px&#8220; header_line_height=&#8220;1.1em&#8220; global_colors_info=&#8220;{}&#8220;]<\/p>\n<h1>Unsere Expertise ist NICHT \u00dcBER WERKZEUGE, sondern \u00dcBER MENSCHEN.<\/h1>\n<p>[\/et_pb_text][et_pb_text _builder_version=&#8220;4.27.0&#8243; _module_preset=&#8220;default&#8220; text_font=&#8220;|300|||||||&#8220; text_text_color=&#8220;#FFFFFF&#8220; text_font_size=&#8220;30px&#8220; text_line_height=&#8220;1.3em&#8220; global_colors_info=&#8220;{}&#8220;]<\/p>\n<p><span>Executive Appraisal hilft, das Potenzial einer F\u00fchrungskraft in einem bestimmten beruflichen Kontext zu bewerten.<\/span><\/p>\n<p>[\/et_pb_text][\/et_pb_column][et_pb_column type=&#8220;1_3&#8243; _builder_version=&#8220;4.25.2&#8243; _module_preset=&#8220;default&#8220; global_colors_info=&#8220;{}&#8220;][\/et_pb_column][et_pb_column type=&#8220;1_3&#8243; _builder_version=&#8220;4.25.2&#8243; _module_preset=&#8220;default&#8220; global_colors_info=&#8220;{}&#8220;][et_pb_text _builder_version=&#8220;4.27.0&#8243; _module_preset=&#8220;default&#8220; text_font=&#8220;|300|||||||&#8220; text_text_color=&#8220;#FFFFFF&#8220; text_font_size=&#8220;30px&#8220; text_line_height=&#8220;1.3em&#8220; custom_padding=&#8220;225px||||false|false&#8220; global_colors_info=&#8220;{}&#8220;][\/et_pb_text][\/et_pb_column][\/et_pb_row][et_pb_row column_structure=&#8220;1_3,1_3,1_3&#8243; custom_padding_last_edited=&#8220;on|desktop&#8220; disabled_on=&#8220;off|off|on&#8220; _builder_version=&#8220;4.27.0&#8243; _module_preset=&#8220;default&#8220; custom_padding=&#8220;130px||||false|false&#8220; custom_padding_tablet=&#8220;200px||||false|false&#8220; custom_padding_phone=&#8220;150px||||false|false&#8220; global_colors_info=&#8220;{}&#8220;][et_pb_column type=&#8220;1_3&#8243; _builder_version=&#8220;4.25.2&#8243; _module_preset=&#8220;default&#8220; global_colors_info=&#8220;{}&#8220;][et_pb_text _builder_version=&#8220;4.27.0&#8243; _module_preset=&#8220;default&#8220; header_text_color=&#8220;#FFFFFF&#8220; header_font_size=&#8220;41px&#8220; header_line_height=&#8220;1.1em&#8220; global_colors_info=&#8220;{}&#8220;]<\/p>\n<h1>Unsere Expertise ist NICHT \u00dcBER WERKZEUGE, sondern \u00dcBER MENSCHEN.<\/h1>\n<p>[\/et_pb_text][et_pb_text _builder_version=&#8220;4.27.0&#8243; _module_preset=&#8220;default&#8220; text_font=&#8220;|300|||||||&#8220; text_text_color=&#8220;#FFFFFF&#8220; text_font_size=&#8220;30px&#8220; text_line_height=&#8220;1.3em&#8220; global_colors_info=&#8220;{}&#8220;]<\/p>\n<p><span>Executive Appraisal hilft, das Potenzial einer F\u00fchrungskraft in einem bestimmten beruflichen Kontext zu bewerten.<\/span><\/p>\n<p>[\/et_pb_text][\/et_pb_column][et_pb_column type=&#8220;1_3&#8243; _builder_version=&#8220;4.25.2&#8243; _module_preset=&#8220;default&#8220; global_colors_info=&#8220;{}&#8220;][\/et_pb_column][et_pb_column type=&#8220;1_3&#8243; _builder_version=&#8220;4.25.2&#8243; _module_preset=&#8220;default&#8220; global_colors_info=&#8220;{}&#8220;][\/et_pb_column][\/et_pb_row][\/et_pb_section][et_pb_section fb_built=&#8220;1&#8243; admin_label=&#8220;our special partner&#8220; _builder_version=&#8220;4.25.2&#8243; _module_preset=&#8220;default&#8220; global_colors_info=&#8220;{}&#8220;][et_pb_row column_structure=&#8220;1_2,1_2&#8243; _builder_version=&#8220;4.25.2&#8243; _module_preset=&#8220;default&#8220; global_colors_info=&#8220;{}&#8220;][et_pb_column type=&#8220;1_2&#8243; _builder_version=&#8220;4.25.2&#8243; _module_preset=&#8220;default&#8220; global_colors_info=&#8220;{}&#8220;][et_pb_heading title=&#8220;Unser preferred Supplier&#8220; _builder_version=&#8220;4.27.0&#8243; _module_preset=&#8220;default&#8220; hover_enabled=&#8220;0&#8243; global_colors_info=&#8220;{}&#8220; title_level=&#8220;h2&#8243; sticky_enabled=&#8220;0&#8243;][\/et_pb_heading][\/et_pb_column][et_pb_column type=&#8220;1_2&#8243; _builder_version=&#8220;4.25.2&#8243; _module_preset=&#8220;default&#8220; global_colors_info=&#8220;{}&#8220;][et_pb_text _builder_version=&#8220;4.27.0&#8243; _module_preset=&#8220;default&#8220; text_font=&#8220;|300|||||||&#8220; global_colors_info=&#8220;{}&#8220;]<strong>Novelia ist auf die Beurteilung von F\u00fchrungskr\u00e4ften spezialisiert.<\/strong><\/p>\n<p>&nbsp;<\/p>\n<p>Novelia bietet einen vielschichtigen, entwicklungsorientierten und massgeschneiderten pr\u00e4diktiven Ansatz zur sicheren Entscheidungsfindung bei der Rekrutierung und Auswahl Ihrer Talente.<\/p>\n<p>Novelia ist in der Schweiz ans\u00e4ssig, arbeitet auf Englisch, Franz\u00f6sisch, Deutsch und Italienisch und bietet Dienstleistungen in den folgenden Bereichen an:<\/p>\n<p>\u2756 <span>Evaluation der Auswahl<\/span><br \/>\n\u2756 <span>Entwicklungsbericht<\/span><br \/>\n\u2756 <span>Gruppen-Assessment-Center<\/span><br \/>\n\u2756 <span>On Boarding Programm f\u00fcr F\u00fchrungskr\u00e4fte und Manager<\/span><\/p>\n<p><strong>Novelia Kernaufgaben: Potenzial verbessern, Leistung bewerten, Talente entwickeln<\/strong><\/p>\n<p><a href=\"https:\/\/novelia.ch\/\" target=\"_blank\" rel=\"noopener\">Link zur Website<\/a>[\/et_pb_text][\/et_pb_column][\/et_pb_row][\/et_pb_section]<\/p>\n","protected":false},"excerpt":{"rendered":"<p>Unsere Expertise ist NICHT \u00dcBER WERKZEUGE, sondern \u00dcBER MENSCHEN.Executive Appraisal hilft, das Potenzial einer F\u00fchrungskraft in einem bestimmten beruflichen Kontext zu bewerten.Unsere Expertise ist NICHT \u00dcBER WERKZEUGE, sondern \u00dcBER MENSCHEN.Executive Appraisal hilft, das Potenzial einer F\u00fchrungskraft in einem bestimmten beruflichen Kontext zu bewerten.Novelia ist auf die Beurteilung von F\u00fchrungskr\u00e4ften spezialisiert. &nbsp; Novelia bietet einen vielschichtigen, [&hellip;]<\/p>\n","protected":false},"author":1,"featured_media":0,"parent":0,"menu_order":0,"comment_status":"closed","ping_status":"closed","template":"","meta":{"_et_pb_use_builder":"on","_et_pb_old_content":"","_et_gb_content_width":"","inline_featured_image":false,"_monsterinsights_skip_tracking":false,"_monsterinsights_sitenote_active":false,"_monsterinsights_sitenote_note":"","_monsterinsights_sitenote_category":0,"footnotes":""},"class_list":["post-2811","page","type-page","status-publish","hentry"],"yoast_head":"<!-- This site is optimized with the Yoast SEO Premium plugin v26.4 (Yoast SEO v26.4) - https:\/\/yoast.com\/wordpress\/plugins\/seo\/ -->\n<title>Executive Assessment: F\u00fchrungskr\u00e4fte optimieren<\/title>\n<meta name=\"description\" content=\"Ganci Partners, 2012 in Genf gegr\u00fcndet, ist eine f\u00fchrende Schweizer Executive Search Firma. Mit B\u00fcros in Genf, Lausanne und Bern geh\u00f6ren wir seit 2020 laut Le Temps und Handelszeitung zu den \u00abTop 10 Executive Search Firmen\u00bb\" \/>\n<meta name=\"robots\" content=\"index, follow, max-snippet:-1, max-image-preview:large, max-video-preview:-1\" \/>\n<link rel=\"canonical\" href=\"https:\/\/gancipartners.ch\/de\/assessment\/\" \/>\n<meta property=\"og:locale\" content=\"de_DE\" \/>\n<meta property=\"og:type\" content=\"article\" \/>\n<meta property=\"og:title\" content=\"ASSESSMENT\" \/>\n<meta property=\"og:description\" content=\"Ganci Partners, 2012 in Genf gegr\u00fcndet, ist eine f\u00fchrende Schweizer Executive Search Firma. Mit B\u00fcros in Genf, Lausanne und Bern geh\u00f6ren wir seit 2020 laut Le Temps und Handelszeitung zu den \u00abTop 10 Executive Search Firmen\u00bb\" \/>\n<meta property=\"og:url\" content=\"https:\/\/gancipartners.ch\/de\/assessment\/\" \/>\n<meta property=\"og:site_name\" content=\"Ganci Partners\" \/>\n<meta property=\"article:modified_time\" content=\"2025-03-13T14:15:18+00:00\" \/>\n<meta name=\"twitter:card\" content=\"summary_large_image\" \/>\n<meta name=\"twitter:label1\" content=\"Gesch\u00e4tzte Lesezeit\" \/>\n\t<meta name=\"twitter:data1\" content=\"1\u00a0Minute\" \/>\n<script type=\"application\/ld+json\" class=\"yoast-schema-graph\">{\"@context\":\"https:\/\/schema.org\",\"@graph\":[{\"@type\":\"WebPage\",\"@id\":\"https:\/\/gancipartners.ch\/de\/assessment\/\",\"url\":\"https:\/\/gancipartners.ch\/de\/assessment\/\",\"name\":\"Executive Assessment: F\u00fchrungskr\u00e4fte optimieren\",\"isPartOf\":{\"@id\":\"https:\/\/gancipartners.ch\/#website\"},\"datePublished\":\"2024-06-24T01:12:12+00:00\",\"dateModified\":\"2025-03-13T14:15:18+00:00\",\"description\":\"Ganci Partners, 2012 in Genf gegr\u00fcndet, ist eine f\u00fchrende Schweizer Executive Search Firma. Mit B\u00fcros in Genf, Lausanne und Bern geh\u00f6ren wir seit 2020 laut Le Temps und Handelszeitung zu den \u00abTop 10 Executive Search Firmen\u00bb\",\"breadcrumb\":{\"@id\":\"https:\/\/gancipartners.ch\/de\/assessment\/#breadcrumb\"},\"inLanguage\":\"de\",\"potentialAction\":[{\"@type\":\"ReadAction\",\"target\":[\"https:\/\/gancipartners.ch\/de\/assessment\/\"]}]},{\"@type\":\"BreadcrumbList\",\"@id\":\"https:\/\/gancipartners.ch\/de\/assessment\/#breadcrumb\",\"itemListElement\":[{\"@type\":\"ListItem\",\"position\":1,\"name\":\"Accueil\",\"item\":\"https:\/\/gancipartners.ch\/de\/\"},{\"@type\":\"ListItem\",\"position\":2,\"name\":\"ASSESSMENT\"}]},{\"@type\":\"WebSite\",\"@id\":\"https:\/\/gancipartners.ch\/#website\",\"url\":\"https:\/\/gancipartners.ch\/\",\"name\":\"Ganci Partners\",\"description\":\"UNLEASH POTENTIALS\",\"potentialAction\":[{\"@type\":\"SearchAction\",\"target\":{\"@type\":\"EntryPoint\",\"urlTemplate\":\"https:\/\/gancipartners.ch\/?s={search_term_string}\"},\"query-input\":{\"@type\":\"PropertyValueSpecification\",\"valueRequired\":true,\"valueName\":\"search_term_string\"}}],\"inLanguage\":\"de\"}]}<\/script>\n<!-- \/ Yoast SEO Premium plugin. -->","yoast_head_json":{"title":"Executive Assessment: F\u00fchrungskr\u00e4fte optimieren","description":"Ganci Partners, 2012 in Genf gegr\u00fcndet, ist eine f\u00fchrende Schweizer Executive Search Firma. Mit B\u00fcros in Genf, Lausanne und Bern geh\u00f6ren wir seit 2020 laut Le Temps und Handelszeitung zu den \u00abTop 10 Executive Search Firmen\u00bb","robots":{"index":"index","follow":"follow","max-snippet":"max-snippet:-1","max-image-preview":"max-image-preview:large","max-video-preview":"max-video-preview:-1"},"canonical":"https:\/\/gancipartners.ch\/de\/assessment\/","og_locale":"de_DE","og_type":"article","og_title":"ASSESSMENT","og_description":"Ganci Partners, 2012 in Genf gegr\u00fcndet, ist eine f\u00fchrende Schweizer Executive Search Firma. Mit B\u00fcros in Genf, Lausanne und Bern geh\u00f6ren wir seit 2020 laut Le Temps und Handelszeitung zu den \u00abTop 10 Executive Search Firmen\u00bb","og_url":"https:\/\/gancipartners.ch\/de\/assessment\/","og_site_name":"Ganci Partners","article_modified_time":"2025-03-13T14:15:18+00:00","twitter_card":"summary_large_image","twitter_misc":{"Gesch\u00e4tzte Lesezeit":"1\u00a0Minute"},"schema":{"@context":"https:\/\/schema.org","@graph":[{"@type":"WebPage","@id":"https:\/\/gancipartners.ch\/de\/assessment\/","url":"https:\/\/gancipartners.ch\/de\/assessment\/","name":"Executive Assessment: F\u00fchrungskr\u00e4fte optimieren","isPartOf":{"@id":"https:\/\/gancipartners.ch\/#website"},"datePublished":"2024-06-24T01:12:12+00:00","dateModified":"2025-03-13T14:15:18+00:00","description":"Ganci Partners, 2012 in Genf gegr\u00fcndet, ist eine f\u00fchrende Schweizer Executive Search Firma. Mit B\u00fcros in Genf, Lausanne und Bern geh\u00f6ren wir seit 2020 laut Le Temps und Handelszeitung zu den \u00abTop 10 Executive Search Firmen\u00bb","breadcrumb":{"@id":"https:\/\/gancipartners.ch\/de\/assessment\/#breadcrumb"},"inLanguage":"de","potentialAction":[{"@type":"ReadAction","target":["https:\/\/gancipartners.ch\/de\/assessment\/"]}]},{"@type":"BreadcrumbList","@id":"https:\/\/gancipartners.ch\/de\/assessment\/#breadcrumb","itemListElement":[{"@type":"ListItem","position":1,"name":"Accueil","item":"https:\/\/gancipartners.ch\/de\/"},{"@type":"ListItem","position":2,"name":"ASSESSMENT"}]},{"@type":"WebSite","@id":"https:\/\/gancipartners.ch\/#website","url":"https:\/\/gancipartners.ch\/","name":"Ganci Partners","description":"UNLEASH POTENTIALS","potentialAction":[{"@type":"SearchAction","target":{"@type":"EntryPoint","urlTemplate":"https:\/\/gancipartners.ch\/?s={search_term_string}"},"query-input":{"@type":"PropertyValueSpecification","valueRequired":true,"valueName":"search_term_string"}}],"inLanguage":"de"}]}},"_links":{"self":[{"href":"https:\/\/gancipartners.ch\/de\/wp-json\/wp\/v2\/pages\/2811","targetHints":{"allow":["GET"]}}],"collection":[{"href":"https:\/\/gancipartners.ch\/de\/wp-json\/wp\/v2\/pages"}],"about":[{"href":"https:\/\/gancipartners.ch\/de\/wp-json\/wp\/v2\/types\/page"}],"author":[{"embeddable":true,"href":"https:\/\/gancipartners.ch\/de\/wp-json\/wp\/v2\/users\/1"}],"replies":[{"embeddable":true,"href":"https:\/\/gancipartners.ch\/de\/wp-json\/wp\/v2\/comments?post=2811"}],"version-history":[{"count":0,"href":"https:\/\/gancipartners.ch\/de\/wp-json\/wp\/v2\/pages\/2811\/revisions"}],"wp:attachment":[{"href":"https:\/\/gancipartners.ch\/de\/wp-json\/wp\/v2\/media?parent=2811"}],"curies":[{"name":"wp","href":"https:\/\/api.w.org\/{rel}","templated":true}]}}